{"id":5266,"date":"2026-01-25T19:37:11","date_gmt":"2026-01-25T19:37:11","guid":{"rendered":"https:\/\/marakes.com\/product\/grune-tropfen-ohrringe-akzent-im-antik-look\/"},"modified":"2026-01-25T19:37:14","modified_gmt":"2026-01-25T19:37:14","slug":"grune-tropfen-ohrringe-akzent-im-antik-look","status":"publish","type":"product","link":"https:\/\/marakes.com\/de\/produkt\/grune-tropfen-ohrringe-akzent-im-antik-look\/","title":{"rendered":"Gr\u00fcne Tropfen-Ohrringe \u2014 Akzent im Antik-Look"},"content":{"rendered":"<p>Strukturiertes Tropfen-Design in einem satten, tiefen Gr\u00fcn, das das Licht einf\u00e4ngt. Ein antik wirkender, polierter Metallakzent verleiht einen vintage-inspirierten Charme und dezenten Glanz. Die mittellange, h\u00e4ngende Form umrahmt das Gesicht sanft und schafft eine schmeichelhafte Silhouette. Ein Hakenverschluss sorgt f\u00fcr einfaches An- und Ausziehen. Vielseitig genug f\u00fcr den Alltag und gleichzeitig edel genug f\u00fcr besondere Anl\u00e4sse. Mit einer minimalistischen, aber charaktervollen Ausstrahlung sind diese Ohrringe ein Blickfang f\u00fcr alle, die zur\u00fcckhaltende, anspruchsvolle Eleganz suchen.<\/p>\n","protected":false},"excerpt":{"rendered":"<p>Tiefgr\u00fcne Tropfen-Ohrringe mit Metallakzenten im Antik-Look \u2014 ein eleganter Akzent, der m\u00fchelos vom Tag in die Nacht \u00fcbergeht.<\/p>\n","protected":false},"featured_media":5324,"template":"","meta":[],"product_brand":[],"product_cat":[525],"product_tag":[919,2495,2448,2228,2174,1773],"class_list":{"0":"post-5266","1":"product","2":"type-product","3":"status-publish","4":"has-post-thumbnail","6":"product_cat-ohrringe","7":"product_tag-alltags-chic","8":"product_tag-elegantes-accessoire","9":"product_tag-grune-ohrringe","10":"product_tag-hangeohrringe","11":"product_tag-ohrringe","12":"product_tag-vintage-stil","14":"first","15":"instock","16":"shipping-taxable","17":"product-type-simple"},"_links":{"self":[{"href":"https:\/\/marakes.com\/de\/wp-json\/wp\/v2\/product\/5266","targetHints":{"allow":["GET"]}}],"collection":[{"href":"https:\/\/marakes.com\/de\/wp-json\/wp\/v2\/product"}],"about":[{"href":"https:\/\/marakes.com\/de\/wp-json\/wp\/v2\/types\/product"}],"wp:featuredmedia":[{"embeddable":true,"href":"https:\/\/marakes.com\/de\/wp-json\/wp\/v2\/media\/5324"}],"wp:attachment":[{"href":"https:\/\/marakes.com\/de\/wp-json\/wp\/v2\/media?parent=5266"}],"wp:term":[{"taxonomy":"product_brand","embeddable":true,"href":"https:\/\/marakes.com\/de\/wp-json\/wp\/v2\/product_brand?post=5266"},{"taxonomy":"product_cat","embeddable":true,"href":"https:\/\/marakes.com\/de\/wp-json\/wp\/v2\/product_cat?post=5266"},{"taxonomy":"product_tag","embeddable":true,"href":"https:\/\/marakes.com\/de\/wp-json\/wp\/v2\/product_tag?post=5266"}],"curies":[{"name":"wp","href":"https:\/\/api.w.org\/{rel}","templated":true}]}}