{"id":5487,"date":"2026-01-25T22:53:36","date_gmt":"2026-01-25T22:53:36","guid":{"rendered":"https:\/\/marakes.com\/product\/lebhafte-regenbogen-quasten-perlenohrringe\/"},"modified":"2026-01-25T22:53:47","modified_gmt":"2026-01-25T22:53:47","slug":"lebhafte-regenbogen-quasten-perlenohrringe","status":"publish","type":"product","link":"https:\/\/marakes.com\/de\/produkt\/lebhafte-regenbogen-quasten-perlenohrringe\/","title":{"rendered":"Lebhafte Regenbogen-Quasten-Perlenohrringe"},"content":{"rendered":"<p>&#8211; Perlenquasten, angeordnet in leuchtenden Regenbogenfarben<br \/>\n&#8211; Zylindrisches Oberteil in Goldoptik mit Haken-Detail<br \/>\n&#8211; Lange, schwingende Silhouette, die dynamische Bewegung erzeugt<br \/>\n&#8211; Leichtes Design f\u00fcr angenehmes Tragen den ganzen Tag<br \/>\n&#8211; Ein markantes Accessoire, perfekt sowohl f\u00fcr Tages- als auch Abendlooks<br \/>\nMit ihrem bunten, lebhaften Charakter bringen diese Ohrringe einfache Outfits m\u00fchelos zum Strahlen \u2014 eine ideale Wahl f\u00fcr alle, die bei besonderen Anl\u00e4ssen und im Alltag auffallen m\u00f6chten.<\/p>\n","protected":false},"excerpt":{"rendered":"<p>Augenf\u00e4llige Statement-Ohrringe mit filigranen, perlenbesetzten Quasten in Regenbogenfarben und einem goldfarbenen Oberteil. Ihre Bewegung verleiht Alltags- wie Abendlooks Energie.<\/p>\n","protected":false},"featured_media":7009,"template":"","meta":[],"product_brand":[],"product_cat":[525],"product_tag":[783,2250,2174,2689,2688,2210],"class_list":{"0":"post-5487","1":"product","2":"type-product","3":"status-publish","4":"has-post-thumbnail","6":"product_cat-ohrringe","7":"product_tag-buntes-accessoire","8":"product_tag-lange-ohrringe","9":"product_tag-ohrringe","10":"product_tag-perlenohrringe","11":"product_tag-quastenohrringe","12":"product_tag-statement-ohrringe","14":"first","15":"instock","16":"shipping-taxable","17":"product-type-simple"},"_links":{"self":[{"href":"https:\/\/marakes.com\/de\/wp-json\/wp\/v2\/product\/5487","targetHints":{"allow":["GET"]}}],"collection":[{"href":"https:\/\/marakes.com\/de\/wp-json\/wp\/v2\/product"}],"about":[{"href":"https:\/\/marakes.com\/de\/wp-json\/wp\/v2\/types\/product"}],"wp:featuredmedia":[{"embeddable":true,"href":"https:\/\/marakes.com\/de\/wp-json\/wp\/v2\/media\/7009"}],"wp:attachment":[{"href":"https:\/\/marakes.com\/de\/wp-json\/wp\/v2\/media?parent=5487"}],"wp:term":[{"taxonomy":"product_brand","embeddable":true,"href":"https:\/\/marakes.com\/de\/wp-json\/wp\/v2\/product_brand?post=5487"},{"taxonomy":"product_cat","embeddable":true,"href":"https:\/\/marakes.com\/de\/wp-json\/wp\/v2\/product_cat?post=5487"},{"taxonomy":"product_tag","embeddable":true,"href":"https:\/\/marakes.com\/de\/wp-json\/wp\/v2\/product_tag?post=5487"}],"curies":[{"name":"wp","href":"https:\/\/api.w.org\/{rel}","templated":true}]}}