{"id":5785,"date":"2026-01-26T19:18:51","date_gmt":"2026-01-26T19:18:51","guid":{"rendered":"https:\/\/marakes.com\/product\/lotus-motiv-tropfen-ohrringe-antik-kupferfarben-grune-scheibe\/"},"modified":"2026-01-26T19:18:55","modified_gmt":"2026-01-26T19:18:55","slug":"lotus-motiv-tropfen-ohrringe-antik-kupferfarben-grune-scheibe","status":"publish","type":"product","link":"https:\/\/marakes.com\/de\/produkt\/lotus-motiv-tropfen-ohrringe-antik-kupferfarben-grune-scheibe\/","title":{"rendered":"Lotus-Motiv Tropfen-Ohrringe \u2013 antik-kupferfarben, gr\u00fcne Scheibe"},"content":{"rendered":"<p>&#8211; Elegantes, symmetrisches Motiv, das an die Lotusbl\u00fcte erinnert.<br \/>\n&#8211; Eine kleine gr\u00fcne Scheibe schwingt in der Mitte und verleiht auff\u00e4llige Bewegung.<br \/>\n&#8211; Antike Kupfert\u00f6ne sorgen f\u00fcr einen vom Vintage inspirierten Look.<br \/>\n&#8211; Hakenf\u00f6rmige Ohrdr\u00e4hte f\u00fcr einfaches An- und Ausziehen.<br \/>\n&#8211; Leichte Konstruktion sorgt f\u00fcr komfortables Tragen den ganzen Tag.<\/p>\n<p>Mit nat\u00fcrlichen T\u00f6nen und einer zarten Silhouette sind diese Ohrringe ein vielseitiges St\u00fcck, das sowohl legere als auch festliche Looks erg\u00e4nzt. Ein ideales Accessoire f\u00fcr Liebhaber bohemischer und ethnischer Akzente.<\/p>\n","protected":false},"excerpt":{"rendered":"<p>Elegante Tropfen-Ohrringe, inspiriert von der Lotusform, mit einer kleinen gr\u00fcnen Scheibe in der Mitte. Verleihen Alltags- und Festoutfits eine Boho-Note.<\/p>\n","protected":false},"featured_media":7186,"template":"","meta":[],"product_brand":[],"product_cat":[525],"product_tag":[3034,678,2863,2228,3022,2174],"class_list":{"0":"post-5785","1":"product","2":"type-product","3":"status-publish","4":"has-post-thumbnail","6":"product_cat-ohrringe","7":"product_tag-antik-kupferfarben","8":"product_tag-boho-schmuck","9":"product_tag-ethnische-ohrringe","10":"product_tag-hangeohrringe","11":"product_tag-lotus-motiv","12":"product_tag-ohrringe","14":"first","15":"instock","16":"shipping-taxable","17":"product-type-simple"},"_links":{"self":[{"href":"https:\/\/marakes.com\/de\/wp-json\/wp\/v2\/product\/5785","targetHints":{"allow":["GET"]}}],"collection":[{"href":"https:\/\/marakes.com\/de\/wp-json\/wp\/v2\/product"}],"about":[{"href":"https:\/\/marakes.com\/de\/wp-json\/wp\/v2\/types\/product"}],"wp:featuredmedia":[{"embeddable":true,"href":"https:\/\/marakes.com\/de\/wp-json\/wp\/v2\/media\/7186"}],"wp:attachment":[{"href":"https:\/\/marakes.com\/de\/wp-json\/wp\/v2\/media?parent=5785"}],"wp:term":[{"taxonomy":"product_brand","embeddable":true,"href":"https:\/\/marakes.com\/de\/wp-json\/wp\/v2\/product_brand?post=5785"},{"taxonomy":"product_cat","embeddable":true,"href":"https:\/\/marakes.com\/de\/wp-json\/wp\/v2\/product_cat?post=5785"},{"taxonomy":"product_tag","embeddable":true,"href":"https:\/\/marakes.com\/de\/wp-json\/wp\/v2\/product_tag?post=5785"}],"curies":[{"name":"wp","href":"https:\/\/api.w.org\/{rel}","templated":true}]}}