{"id":6283,"date":"2026-01-27T11:24:49","date_gmt":"2026-01-27T11:24:49","guid":{"rendered":"https:\/\/marakes.com\/product\/braune-perlenbesetzte-hangeohrringe-mit-tropfenmotiv\/"},"modified":"2026-01-27T11:25:07","modified_gmt":"2026-01-27T11:25:07","slug":"braune-perlenbesetzte-hangeohrringe-mit-tropfenmotiv","status":"publish","type":"product","link":"https:\/\/marakes.com\/de\/produkt\/braune-perlenbesetzte-hangeohrringe-mit-tropfenmotiv\/","title":{"rendered":"Braune, perlenbesetzte H\u00e4ngeohrringe mit Tropfenmotiv"},"content":{"rendered":"<p>Der tropfenf\u00f6rmige obere Teil in Goldton sorgt f\u00fcr einen auff\u00e4lligen Kontrast. Gro\u00dfe, facettenreiche braune Perlen verleihen den Ohrringen Volumen und Bewegung. Das mittellange bis lange, h\u00e4ngende Design umrahmt das Gesicht sanft. Sie sind f\u00fcr gepiercte Ohren geeignet und lassen sich leicht an- und abnehmen. Sie passen wunderbar zu neutralen und erdigen T\u00f6nen und eignen sich damit perfekt f\u00fcr Tages- wie Abendlooks. Diese Ohrringe verbinden bohemische und raffinierte Elemente und sind ideal, um schlichten Outfits Charakter zu verleihen; kombinieren Sie verschiedene Texturen, um eine moderne oder Vintage-Stimmung zu erzeugen.<\/p>\n","protected":false},"excerpt":{"rendered":"<p>Auff\u00e4llige H\u00e4ngeohrringe in warmen Braunt\u00f6nen mit dekorativem Tropfenmotiv. Sie verleihen Alltags- und Festoutfits eine nat\u00fcrliche, elegante Note.<\/p>\n","protected":false},"featured_media":7508,"template":"","meta":[],"product_brand":[],"product_cat":[525],"product_tag":[678,2618,1095,3495,2228,2174],"class_list":{"0":"post-6283","1":"product","2":"type-product","3":"status-publish","4":"has-post-thumbnail","6":"product_cat-ohrringe","7":"product_tag-boho-schmuck","8":"product_tag-braune-ohrringe","9":"product_tag-goldfarben","10":"product_tag-grose-perlen","11":"product_tag-hangeohrringe","12":"product_tag-ohrringe","14":"first","15":"instock","16":"shipping-taxable","17":"product-type-simple"},"_links":{"self":[{"href":"https:\/\/marakes.com\/de\/wp-json\/wp\/v2\/product\/6283","targetHints":{"allow":["GET"]}}],"collection":[{"href":"https:\/\/marakes.com\/de\/wp-json\/wp\/v2\/product"}],"about":[{"href":"https:\/\/marakes.com\/de\/wp-json\/wp\/v2\/types\/product"}],"wp:featuredmedia":[{"embeddable":true,"href":"https:\/\/marakes.com\/de\/wp-json\/wp\/v2\/media\/7508"}],"wp:attachment":[{"href":"https:\/\/marakes.com\/de\/wp-json\/wp\/v2\/media?parent=6283"}],"wp:term":[{"taxonomy":"product_brand","embeddable":true,"href":"https:\/\/marakes.com\/de\/wp-json\/wp\/v2\/product_brand?post=6283"},{"taxonomy":"product_cat","embeddable":true,"href":"https:\/\/marakes.com\/de\/wp-json\/wp\/v2\/product_cat?post=6283"},{"taxonomy":"product_tag","embeddable":true,"href":"https:\/\/marakes.com\/de\/wp-json\/wp\/v2\/product_tag?post=6283"}],"curies":[{"name":"wp","href":"https:\/\/api.w.org\/{rel}","templated":true}]}}