{"id":8805,"date":"2026-02-05T10:29:33","date_gmt":"2026-02-05T10:29:33","guid":{"rendered":"https:\/\/marakes.com\/product\/mehrreihiges-perlenarmband-in-pastelltonen\/"},"modified":"2026-02-05T10:29:44","modified_gmt":"2026-02-05T10:29:44","slug":"mehrreihiges-perlenarmband-in-pastelltonen","status":"publish","type":"product","link":"https:\/\/marakes.com\/de\/produkt\/mehrreihiges-perlenarmband-in-pastelltonen\/","title":{"rendered":"Mehrreihiges Perlenarmband in Pastellt\u00f6nen"},"content":{"rendered":"<p>&#8211; Das mehrstr\u00e4ngige Spiralmuster schmiegt sich mit einer schicken, flie\u00dfenden Bewegung ums Handgelenk.<br \/>\n&#8211; Eine harmonische Mischung aus Perlen in Flieder-, Rosa- und Gr\u00fcnt\u00f6nen, in unterschiedlichen Gr\u00f6\u00dfen gearbeitet f\u00fcr Tiefe und Struktur.<br \/>\n&#8211; Goldfarbene Abstandperlen schaffen einen raffinierten, eleganten Kontrast.<br \/>\n&#8211; Eine funkelnde Zentralperle setzt einen lebendigen, aufmerksamkeitsstarken Akzent.<br \/>\n&#8211; Die flexible Konstruktion passt sich komfortabel verschiedenen Handgelenkgr\u00f6\u00dfen an.<\/p>\n<p>Perfekt, um schlichten Outfits eine farbenfrohe, feminine Note zu verleihen. Dieses Armband unterstreicht die Alltags\u2011Eleganz und f\u00e4llt zugleich bei besonderen Anl\u00e4ssen auf.<\/p>\n","protected":false},"excerpt":{"rendered":"<p>Ein mehrreihiges Perlenarmband in Flieder-, Rosa- und Minzt\u00f6nen \u2013 ein Blickfang f\u00fcr allt\u00e4gliche Eleganz und besondere Momente. Bequem und anmutig elegant.<\/p>\n","protected":false},"featured_media":8799,"template":"","meta":[],"product_brand":[],"product_cat":[29],"product_tag":[3945,738,4614,4110,3730,3983],"class_list":{"0":"post-8805","1":"product","2":"type-product","3":"status-publish","4":"has-post-thumbnail","6":"product_cat-bracelets","7":"product_tag-armband","8":"product_tag-boho-accessoire","9":"product_tag-handgefertigter-schmuck","10":"product_tag-mehrreihiges-armband","11":"product_tag-pastellschmuck","12":"product_tag-perlenarmband","14":"first","15":"instock","16":"shipping-taxable","17":"product-type-simple"},"_links":{"self":[{"href":"https:\/\/marakes.com\/de\/wp-json\/wp\/v2\/product\/8805","targetHints":{"allow":["GET"]}}],"collection":[{"href":"https:\/\/marakes.com\/de\/wp-json\/wp\/v2\/product"}],"about":[{"href":"https:\/\/marakes.com\/de\/wp-json\/wp\/v2\/types\/product"}],"wp:featuredmedia":[{"embeddable":true,"href":"https:\/\/marakes.com\/de\/wp-json\/wp\/v2\/media\/8799"}],"wp:attachment":[{"href":"https:\/\/marakes.com\/de\/wp-json\/wp\/v2\/media?parent=8805"}],"wp:term":[{"taxonomy":"product_brand","embeddable":true,"href":"https:\/\/marakes.com\/de\/wp-json\/wp\/v2\/product_brand?post=8805"},{"taxonomy":"product_cat","embeddable":true,"href":"https:\/\/marakes.com\/de\/wp-json\/wp\/v2\/product_cat?post=8805"},{"taxonomy":"product_tag","embeddable":true,"href":"https:\/\/marakes.com\/de\/wp-json\/wp\/v2\/product_tag?post=8805"}],"curies":[{"name":"wp","href":"https:\/\/api.w.org\/{rel}","templated":true}]}}