{"id":9377,"date":"2026-02-07T06:55:54","date_gmt":"2026-02-07T06:55:54","guid":{"rendered":"https:\/\/marakes.com\/product\/perlenarmband-in-turkistonen\/"},"modified":"2026-02-07T06:55:54","modified_gmt":"2026-02-07T06:55:54","slug":"perlenarmband-in-turkistonen","status":"publish","type":"product","link":"https:\/\/marakes.com\/de\/produkt\/perlenarmband-in-turkistonen\/","title":{"rendered":"Perlenarmband in T\u00fcrkist\u00f6nen"},"content":{"rendered":"<p>&#8211; Lebendige t\u00fcrkis- und aqua-farbene Perlen in gemischten Gr\u00f6\u00dfen f\u00fcr Tiefe und Bewegung.<br \/>\n&#8211; Gro\u00dfe facettierte geometrische und gl\u00e4nzende runde Perlendetails f\u00fcr eine auff\u00e4llige Textur.<br \/>\n&#8211; Dekorative Abstandselemente in Goldton f\u00fcr ein reiches, warmes Finish.<br \/>\n&#8211; Elastisches Design erm\u00f6glicht einfaches An- und Ausziehen sowie angenehmen Tragekomfort den ganzen Tag.<\/p>\n<p>Perfekt, um einem schlichten Outfit einen lebendigen Farbakzent zu verleihen oder zum Schichten mit anderen Armb\u00e4ndern f\u00fcr einen Boho-Look. Vielseitig genug f\u00fcr Strandtage oder das Stadtleben.<\/p>\n","protected":false},"excerpt":{"rendered":"<p>Ein schickes Armband in lebendigen T\u00fcrkisnuancen mit \u00fcbergro\u00dfen Perlen und goldfarbenen Zwischenperlen. Verleiht m\u00fchelos Alltagslooks wie besonderen Anl\u00e4ssen das gewisse Etwas.<\/p>\n","protected":false},"featured_media":9372,"template":"","meta":[],"product_brand":[],"product_cat":[29],"product_tag":[3945,2865,3983,763,1515,950],"class_list":{"0":"post-9377","1":"product","2":"type-product","3":"status-publish","4":"has-post-thumbnail","6":"product_cat-bracelets","7":"product_tag-armband","8":"product_tag-damenaccessoire","9":"product_tag-perlenarmband","10":"product_tag-sommeraccessoire","11":"product_tag-strandlook","12":"product_tag-turkis","14":"first","15":"instock","16":"shipping-taxable","17":"product-type-simple"},"_links":{"self":[{"href":"https:\/\/marakes.com\/de\/wp-json\/wp\/v2\/product\/9377","targetHints":{"allow":["GET"]}}],"collection":[{"href":"https:\/\/marakes.com\/de\/wp-json\/wp\/v2\/product"}],"about":[{"href":"https:\/\/marakes.com\/de\/wp-json\/wp\/v2\/types\/product"}],"wp:featuredmedia":[{"embeddable":true,"href":"https:\/\/marakes.com\/de\/wp-json\/wp\/v2\/media\/9372"}],"wp:attachment":[{"href":"https:\/\/marakes.com\/de\/wp-json\/wp\/v2\/media?parent=9377"}],"wp:term":[{"taxonomy":"product_brand","embeddable":true,"href":"https:\/\/marakes.com\/de\/wp-json\/wp\/v2\/product_brand?post=9377"},{"taxonomy":"product_cat","embeddable":true,"href":"https:\/\/marakes.com\/de\/wp-json\/wp\/v2\/product_cat?post=9377"},{"taxonomy":"product_tag","embeddable":true,"href":"https:\/\/marakes.com\/de\/wp-json\/wp\/v2\/product_tag?post=9377"}],"curies":[{"name":"wp","href":"https:\/\/api.w.org\/{rel}","templated":true}]}}