{"id":9807,"date":"2026-02-07T23:47:31","date_gmt":"2026-02-07T23:47:31","guid":{"rendered":"https:\/\/marakes.com\/product\/fingerprint-series-handgefertigte-lange-halskette-aus-ton\/"},"modified":"2026-02-07T23:47:31","modified_gmt":"2026-02-07T23:47:31","slug":"fingerprint-series-handgefertigte-lange-halskette-aus-ton","status":"publish","type":"product","link":"https:\/\/marakes.com\/de\/produkt\/fingerprint-series-handgefertigte-lange-halskette-aus-ton\/","title":{"rendered":"Fingerprint Series &#8211; Handgefertigte lange Halskette aus Ton"},"content":{"rendered":"<p>Der Hauptanh\u00e4nger ist handgefertigt aus Ton \u2013 jedes St\u00fcck tr\u00e4gt die Handschrift der K\u00fcnstlerin\/des K\u00fcnstlers und ist wirklich ein Unikat. Das Design ist lang und gut ausbalanciert, akzentuiert mit erdfarbenen Perlen in verschiedenen Gr\u00f6\u00dfen f\u00fcr eine entspannte Passform, die sich wunderbar mit V\u2011Ausschnitten kombinieren l\u00e4sst. Fein gearbeitete Details und strukturierte Akzente spiegeln die k\u00fcnstlerische Sensibilit\u00e4t der Fingerprint Series wider. Perfekt f\u00fcr den t\u00e4glichen Gebrauch verleiht er einen boho-\u00e4hnlichen, ethnisch inspirierten Look, der sowohl legere als auch elegante Outfits aufwertet. Ein schlichtes, aber markantes Accessoire, das Charakter verleiht und allein als Blickfang wirken kann. Entwickelt f\u00fcr Liebhaber handwerklicher Fertigung und organischer \u00c4sthetik \u2013 seine nat\u00fcrliche Textur und warme Farbpalette verleihen deinem Stil zu jeder Jahreszeit Seele.<\/p>\n","protected":false},"excerpt":{"rendered":"<p>Eine boh\u00e8mehafte, kunstvolle lange Halskette mit einem von Kunsthandwerkern sorgf\u00e4ltig geformten Tonanh\u00e4nger und einer Reihe Perlen in nat\u00fcrlichen Farbt\u00f6nen.<\/p>\n","protected":false},"featured_media":9801,"template":"","meta":[],"product_brand":[],"product_cat":[5424],"product_tag":[5461,1265,5425,1686,5462,5438],"class_list":{"0":"post-9807","1":"product","2":"type-product","3":"status-publish","4":"has-post-thumbnail","6":"product_cat-fingerprint-series","7":"product_tag-bohmisches-accessoire","8":"product_tag-ethnische-halskette","9":"product_tag-fingerprint-series","10":"product_tag-handgefertigt","11":"product_tag-lange-halskette","12":"product_tag-tonkette","14":"first","15":"instock","16":"shipping-taxable","17":"product-type-simple"},"_links":{"self":[{"href":"https:\/\/marakes.com\/de\/wp-json\/wp\/v2\/product\/9807","targetHints":{"allow":["GET"]}}],"collection":[{"href":"https:\/\/marakes.com\/de\/wp-json\/wp\/v2\/product"}],"about":[{"href":"https:\/\/marakes.com\/de\/wp-json\/wp\/v2\/types\/product"}],"wp:featuredmedia":[{"embeddable":true,"href":"https:\/\/marakes.com\/de\/wp-json\/wp\/v2\/media\/9801"}],"wp:attachment":[{"href":"https:\/\/marakes.com\/de\/wp-json\/wp\/v2\/media?parent=9807"}],"wp:term":[{"taxonomy":"product_brand","embeddable":true,"href":"https:\/\/marakes.com\/de\/wp-json\/wp\/v2\/product_brand?post=9807"},{"taxonomy":"product_cat","embeddable":true,"href":"https:\/\/marakes.com\/de\/wp-json\/wp\/v2\/product_cat?post=9807"},{"taxonomy":"product_tag","embeddable":true,"href":"https:\/\/marakes.com\/de\/wp-json\/wp\/v2\/product_tag?post=9807"}],"curies":[{"name":"wp","href":"https:\/\/api.w.org\/{rel}","templated":true}]}}