{"id":6035,"date":"2026-01-26T23:54:32","date_gmt":"2026-01-26T23:54:32","guid":{"rendered":"https:\/\/marakes.com\/product\/pendientes-disco-con-efecto-desgastado-y-adorno-de-buho\/"},"modified":"2026-01-26T23:54:56","modified_gmt":"2026-01-26T23:54:56","slug":"pendientes-disco-con-efecto-desgastado-y-adorno-de-buho","status":"publish","type":"product","link":"https:\/\/marakes.com\/es\/producto\/pendientes-disco-con-efecto-desgastado-y-adorno-de-buho\/","title":{"rendered":"Pendientes disco con efecto desgastado y adorno de b\u00faho"},"content":{"rendered":"<p>Una peque\u00f1a lechuza posada sobre un disco redondo le da a este dise\u00f1o su encanto distintivo. El acabado vintage con aspecto desgastado se enriquece con acentos en turquesa y burdeos para un aspecto c\u00e1lido y texturizado. Un gancho en aro fino permite pon\u00e9rselos y quit\u00e1rselos con facilidad y comodidad. Las texturas en capas y los detalles superficiales de estilo artesanal aportan una apariencia rica y elaborada. Vers\u00e1tiles para el uso diario o para noches especiales, estos pendientes boho-vintage dan vida al instante a un conjunto sencillo y combinan sin esfuerzo con prendas de punto acogedoras, camisetas b\u00e1sicas, vestidos elegantes y denim.<\/p>\n","protected":false},"excerpt":{"rendered":"<p>Pendientes de inspiraci\u00f3n boho con disco redondo de efecto desgastado y delicado adorno de b\u00faho. Tonos texturizados turquesa y burdeos llamativos que aportan car\u00e1cter.<\/p>\n","protected":false},"featured_media":7344,"template":"","meta":[],"product_brand":[],"product_cat":[529],"product_tag":[781,3278,3279,789,2195,957],"class_list":{"0":"post-6035","1":"product","2":"type-product","3":"status-publish","4":"has-post-thumbnail","6":"product_cat-pendientes","7":"product_tag-boho","8":"product_tag-buho","9":"product_tag-desgastado","10":"product_tag-etnico","11":"product_tag-pendientes","12":"product_tag-turquesa","14":"first","15":"instock","16":"shipping-taxable","17":"product-type-simple"},"_links":{"self":[{"href":"https:\/\/marakes.com\/es\/wp-json\/wp\/v2\/product\/6035","targetHints":{"allow":["GET"]}}],"collection":[{"href":"https:\/\/marakes.com\/es\/wp-json\/wp\/v2\/product"}],"about":[{"href":"https:\/\/marakes.com\/es\/wp-json\/wp\/v2\/types\/product"}],"wp:featuredmedia":[{"embeddable":true,"href":"https:\/\/marakes.com\/es\/wp-json\/wp\/v2\/media\/7344"}],"wp:attachment":[{"href":"https:\/\/marakes.com\/es\/wp-json\/wp\/v2\/media?parent=6035"}],"wp:term":[{"taxonomy":"product_brand","embeddable":true,"href":"https:\/\/marakes.com\/es\/wp-json\/wp\/v2\/product_brand?post=6035"},{"taxonomy":"product_cat","embeddable":true,"href":"https:\/\/marakes.com\/es\/wp-json\/wp\/v2\/product_cat?post=6035"},{"taxonomy":"product_tag","embeddable":true,"href":"https:\/\/marakes.com\/es\/wp-json\/wp\/v2\/product_tag?post=6035"}],"curies":[{"name":"wp","href":"https:\/\/api.w.org\/{rel}","templated":true}]}}