{"id":6563,"date":"2026-01-28T12:54:26","date_gmt":"2026-01-28T12:54:26","guid":{"rendered":"https:\/\/marakes.com\/product\/pendientes-de-gota-con-cuentas-en-tonos-turquesa-y-verde\/"},"modified":"2026-01-28T12:54:36","modified_gmt":"2026-01-28T12:54:36","slug":"pendientes-de-gota-con-cuentas-en-tonos-turquesa-y-verde","status":"publish","type":"product","link":"https:\/\/marakes.com\/es\/producto\/pendientes-de-gota-con-cuentas-en-tonos-turquesa-y-verde\/","title":{"rendered":"Pendientes de gota con cuentas en tonos turquesa y verde"},"content":{"rendered":"<p>Dise\u00f1o delicado en forma de l\u00e1grima dispuesto sobre un fino armaz\u00f3n de alambre, con cuentas y detalles de aspecto p\u00e9treo en tama\u00f1os variados. Cuentas turquesa, verde esmeralda y burdeos conforman una composici\u00f3n de inspiraci\u00f3n floral. Su construcci\u00f3n ligera garantiza comodidad durante todo el d\u00eda. El cierre tipo presi\u00f3n garantiza una sujeci\u00f3n segura y una colocaci\u00f3n f\u00e1cil. Una pieza con estilo que combina el encanto bohemio con l\u00edneas modernas, adecuada tanto para conjuntos informales como para atuendos m\u00e1s arreglados. Perfecta para dar vida a un vestido sencillo o a\u00f1adir un acento complementario a looks estampados; combina sin esfuerzo con una amplia variedad de estilos.<\/p>\n","protected":false},"excerpt":{"rendered":"<p>Pendientes de gota con cuentas y un toque bohemio que aportan energ\u00eda vibrante a looks diarios y especiales. Tonos turquesa, verde y burdeos crean un contraste elegante.<\/p>\n","protected":false},"featured_media":7697,"template":"","meta":[],"product_brand":[],"product_cat":[529],"product_tag":[646,768,2195,2609,2405,2766],"class_list":{"0":"post-6563","1":"product","2":"type-product","3":"status-publish","4":"has-post-thumbnail","6":"product_cat-pendientes","7":"product_tag-aspecto-hecho-a-mano","8":"product_tag-joyeria-boho","9":"product_tag-pendientes","10":"product_tag-pendientes-con-cuentas","11":"product_tag-pendientes-de-gota","12":"product_tag-pendientes-turquesa","14":"first","15":"instock","16":"shipping-taxable","17":"product-type-simple"},"_links":{"self":[{"href":"https:\/\/marakes.com\/es\/wp-json\/wp\/v2\/product\/6563","targetHints":{"allow":["GET"]}}],"collection":[{"href":"https:\/\/marakes.com\/es\/wp-json\/wp\/v2\/product"}],"about":[{"href":"https:\/\/marakes.com\/es\/wp-json\/wp\/v2\/types\/product"}],"wp:featuredmedia":[{"embeddable":true,"href":"https:\/\/marakes.com\/es\/wp-json\/wp\/v2\/media\/7697"}],"wp:attachment":[{"href":"https:\/\/marakes.com\/es\/wp-json\/wp\/v2\/media?parent=6563"}],"wp:term":[{"taxonomy":"product_brand","embeddable":true,"href":"https:\/\/marakes.com\/es\/wp-json\/wp\/v2\/product_brand?post=6563"},{"taxonomy":"product_cat","embeddable":true,"href":"https:\/\/marakes.com\/es\/wp-json\/wp\/v2\/product_cat?post=6563"},{"taxonomy":"product_tag","embeddable":true,"href":"https:\/\/marakes.com\/es\/wp-json\/wp\/v2\/product_tag?post=6563"}],"curies":[{"name":"wp","href":"https:\/\/api.w.org\/{rel}","templated":true}]}}