{"id":4371,"date":"2026-01-11T23:17:24","date_gmt":"2026-01-11T23:17:24","guid":{"rendered":"https:\/\/marakes.com\/product\/collier-ras-de-cou-en-perles-blanches-avec-details-dores\/"},"modified":"2026-01-11T23:17:33","modified_gmt":"2026-01-11T23:17:33","slug":"collier-ras-de-cou-en-perles-blanches-avec-details-dores","status":"publish","type":"product","link":"https:\/\/marakes.com\/fr\/produit\/collier-ras-de-cou-en-perles-blanches-avec-details-dores\/","title":{"rendered":"Collier ras-de-cou en perles blanches avec d\u00e9tails dor\u00e9s"},"content":{"rendered":"<p>&#8211; Ras-du-cou court qui repose proprement juste au-dessus de la clavicule.<br \/>\n&#8211; Une rang\u00e9e soign\u00e9e de perles blanches semi-mates pour un look raffin\u00e9 et contemporain.<br \/>\n&#8211; Agr\u00e9ment\u00e9 de fines perles s\u00e9paratrices ton or pour un d\u00e9tail \u00e9l\u00e9gant et \u00e9quilibr\u00e9.<br \/>\n&#8211; Les formes irr\u00e9guli\u00e8res des perles ajoutent une texture naturelle et minimale.<br \/>\n&#8211; Se marie facilement avec des tenues d\u00e9contract\u00e9es ou plus soign\u00e9es.<\/p>\n<p>Ce ras-du-cou apporte une touche \u00e9l\u00e9gante \u00e0 tout, des blouses simples aux robes d&rsquo;\u00e9t\u00e9. Il affirme une pr\u00e9sence saisissante port\u00e9 seul, mais se superpose aussi magnifiquement pour un look moderne en couches \u2014 un excellent choix de cadeau.<\/p>\n","protected":false},"excerpt":{"rendered":"<p>Un ras-de-cou \u00e9pur\u00e9 et chic compos\u00e9 d&rsquo;un rang de perles blanches et de d\u00e9licats intercalaires dor\u00e9s. Un accessoire moderne qui sublime aussi bien les tenues de tous les jours que les occasions sp\u00e9ciales.<\/p>\n","protected":false},"featured_media":4366,"template":"","meta":[],"product_brand":[],"product_cat":[21],"product_tag":[590,579,1053,1390,1580,1579],"class_list":{"0":"post-4371","1":"product","2":"type-product","3":"status-publish","4":"has-post-thumbnail","6":"product_cat-necklaces","7":"product_tag-accessoire","8":"product_tag-collier","9":"product_tag-detail-dore","10":"product_tag-minimaliste","11":"product_tag-perles-blanches","12":"product_tag-perles-en-verre","14":"first","15":"instock","16":"shipping-taxable","17":"product-type-simple"},"_links":{"self":[{"href":"https:\/\/marakes.com\/fr\/wp-json\/wp\/v2\/product\/4371","targetHints":{"allow":["GET"]}}],"collection":[{"href":"https:\/\/marakes.com\/fr\/wp-json\/wp\/v2\/product"}],"about":[{"href":"https:\/\/marakes.com\/fr\/wp-json\/wp\/v2\/types\/product"}],"wp:featuredmedia":[{"embeddable":true,"href":"https:\/\/marakes.com\/fr\/wp-json\/wp\/v2\/media\/4366"}],"wp:attachment":[{"href":"https:\/\/marakes.com\/fr\/wp-json\/wp\/v2\/media?parent=4371"}],"wp:term":[{"taxonomy":"product_brand","embeddable":true,"href":"https:\/\/marakes.com\/fr\/wp-json\/wp\/v2\/product_brand?post=4371"},{"taxonomy":"product_cat","embeddable":true,"href":"https:\/\/marakes.com\/fr\/wp-json\/wp\/v2\/product_cat?post=4371"},{"taxonomy":"product_tag","embeddable":true,"href":"https:\/\/marakes.com\/fr\/wp-json\/wp\/v2\/product_tag?post=4371"}],"curies":[{"name":"wp","href":"https:\/\/api.w.org\/{rel}","templated":true}]}}