{"id":6282,"date":"2026-01-27T11:24:49","date_gmt":"2026-01-27T11:24:49","guid":{"rendered":"https:\/\/marakes.com\/product\/boucles-doreilles-pendantes-brunes-ornees-de-perles-motif-goutte\/"},"modified":"2026-01-27T11:25:00","modified_gmt":"2026-01-27T11:25:00","slug":"boucles-doreilles-pendantes-brunes-ornees-de-perles-motif-goutte","status":"publish","type":"product","link":"https:\/\/marakes.com\/fr\/produit\/boucles-doreilles-pendantes-brunes-ornees-de-perles-motif-goutte\/","title":{"rendered":"Boucles d&rsquo;oreilles pendantes brunes orn\u00e9es de perles, motif goutte"},"content":{"rendered":"<p>La partie sup\u00e9rieure en forme de goutte, de ton dor\u00e9, cr\u00e9e un contraste saisissant. De grosses perles brunes multifacettes ajoutent du volume et du mouvement aux boucles d&rsquo;oreilles. La silhouette pendante, mi-longue \u00e0 longue, encadre d\u00e9licatement le visage. Elles conviennent aux oreilles perc\u00e9es et sont faciles \u00e0 enfiler et \u00e0 retirer. Elles se marient \u00e0 merveille avec des tons neutres et naturels, ce qui les rend parfaites pour les looks de jour comme de soir\u00e9e. Ces boucles d&rsquo;oreilles m\u00ealent des \u00e9l\u00e9ments boh\u00e8mes et raffin\u00e9s, id\u00e9ales pour donner du caract\u00e8re \u00e0 des tenues simples ; m\u00e9langez les textures pour cr\u00e9er une ambiance moderne ou vintage.<\/p>\n","protected":false},"excerpt":{"rendered":"<p>Boucles d&rsquo;oreilles pendantes et remarquables aux tons bruns chaleureux, avec un motif goutte d\u00e9coratif. Elles apportent une touche naturelle et \u00e9l\u00e9gante aux tenues quotidiennes comme aux occasions sp\u00e9ciales.<\/p>\n","protected":false},"featured_media":7507,"template":"","meta":[],"product_brand":[],"product_cat":[524],"product_tag":[676,3493,2169,2171,3494,1091],"class_list":{"0":"post-6282","1":"product","2":"type-product","3":"status-publish","4":"has-post-thumbnail","6":"product_cat-boucles-doreilles","7":"product_tag-bijoux-bohemes","8":"product_tag-boucles-brunes","9":"product_tag-boucles-doreilles","10":"product_tag-boucles-pendantes","11":"product_tag-grosses-perles","12":"product_tag-ton-dore","14":"first","15":"instock","16":"shipping-taxable","17":"product-type-simple"},"_links":{"self":[{"href":"https:\/\/marakes.com\/fr\/wp-json\/wp\/v2\/product\/6282","targetHints":{"allow":["GET"]}}],"collection":[{"href":"https:\/\/marakes.com\/fr\/wp-json\/wp\/v2\/product"}],"about":[{"href":"https:\/\/marakes.com\/fr\/wp-json\/wp\/v2\/types\/product"}],"wp:featuredmedia":[{"embeddable":true,"href":"https:\/\/marakes.com\/fr\/wp-json\/wp\/v2\/media\/7507"}],"wp:attachment":[{"href":"https:\/\/marakes.com\/fr\/wp-json\/wp\/v2\/media?parent=6282"}],"wp:term":[{"taxonomy":"product_brand","embeddable":true,"href":"https:\/\/marakes.com\/fr\/wp-json\/wp\/v2\/product_brand?post=6282"},{"taxonomy":"product_cat","embeddable":true,"href":"https:\/\/marakes.com\/fr\/wp-json\/wp\/v2\/product_cat?post=6282"},{"taxonomy":"product_tag","embeddable":true,"href":"https:\/\/marakes.com\/fr\/wp-json\/wp\/v2\/product_tag?post=6282"}],"curies":[{"name":"wp","href":"https:\/\/api.w.org\/{rel}","templated":true}]}}