{"id":8329,"date":"2026-02-04T12:17:18","date_gmt":"2026-02-04T12:17:18","guid":{"rendered":"https:\/\/marakes.com\/product\/bracelet-de-perles-vertes-avec-breloque-coquillage-et-touche-perlee\/"},"modified":"2026-02-04T12:17:18","modified_gmt":"2026-02-04T12:17:18","slug":"bracelet-de-perles-vertes-avec-breloque-coquillage-et-touche-perlee","status":"publish","type":"product","link":"https:\/\/marakes.com\/fr\/produit\/bracelet-de-perles-vertes-avec-breloque-coquillage-et-touche-perlee\/","title":{"rendered":"Bracelet de perles vertes avec breloque coquillage et touche perl\u00e9e"},"content":{"rendered":"<p>&#8211; \u00c9l\u00e9gamment con\u00e7u avec des perles rondes aux tons verts et des anneaux intercalaires dor\u00e9s.<br \/>\n&#8211; Comprend un pendentif en forme de coquillage avec un accent aspect perle et un petit pendentif suppl\u00e9mentaire en forme de poisson.<br \/>\n&#8211; De fins d\u00e9tails en barre dor\u00e9e apportent un \u00e9quilibre styl\u00e9 au poignet.<br \/>\n&#8211; \u00c0 porter seul ou superpos\u00e9 pour les looks du quotidien et les tenues estivales.<br \/>\n&#8211; \u00c9viter le contact direct avec les produits chimiques ; ranger dans un endroit sec et sombre lorsqu&rsquo;il n&rsquo;est pas port\u00e9.<br \/>\nCe bracelet apporte une touche f\u00e9minine inspir\u00e9e de la mer \u2014 l\u00e9ger et chic, pour les journ\u00e9es d\u00e9contract\u00e9es comme pour les moments sp\u00e9ciaux.<\/p>\n","protected":false},"excerpt":{"rendered":"<p>Un bracelet de perles vertes qui \u00e9voque la brise marine, avec une breloque en forme de coquillage et un d\u00e9tail d&rsquo;aspect perle, compl\u00e9t\u00e9 par des anneaux dor\u00e9s. \u00c9l\u00e9gant et id\u00e9al pour un port quotidien.<\/p>\n","protected":false},"featured_media":8325,"template":"","meta":[],"product_brand":[],"product_cat":[29],"product_tag":[3936,3979,4311,4350,965,2138],"class_list":{"0":"post-8329","1":"product","2":"type-product","3":"status-publish","4":"has-post-thumbnail","6":"product_cat-bracelets","7":"product_tag-bracelet","8":"product_tag-bracelet-perle","9":"product_tag-breloque-coquillage","10":"product_tag-details-delicats","11":"product_tag-perles-vertes","12":"product_tag-theme-marin","14":"first","15":"instock","16":"shipping-taxable","17":"product-type-simple"},"_links":{"self":[{"href":"https:\/\/marakes.com\/fr\/wp-json\/wp\/v2\/product\/8329","targetHints":{"allow":["GET"]}}],"collection":[{"href":"https:\/\/marakes.com\/fr\/wp-json\/wp\/v2\/product"}],"about":[{"href":"https:\/\/marakes.com\/fr\/wp-json\/wp\/v2\/types\/product"}],"wp:featuredmedia":[{"embeddable":true,"href":"https:\/\/marakes.com\/fr\/wp-json\/wp\/v2\/media\/8325"}],"wp:attachment":[{"href":"https:\/\/marakes.com\/fr\/wp-json\/wp\/v2\/media?parent=8329"}],"wp:term":[{"taxonomy":"product_brand","embeddable":true,"href":"https:\/\/marakes.com\/fr\/wp-json\/wp\/v2\/product_brand?post=8329"},{"taxonomy":"product_cat","embeddable":true,"href":"https:\/\/marakes.com\/fr\/wp-json\/wp\/v2\/product_cat?post=8329"},{"taxonomy":"product_tag","embeddable":true,"href":"https:\/\/marakes.com\/fr\/wp-json\/wp\/v2\/product_tag?post=8329"}],"curies":[{"name":"wp","href":"https:\/\/api.w.org\/{rel}","templated":true}]}}