{"id":9558,"date":"2026-02-07T08:38:43","date_gmt":"2026-02-07T08:38:43","guid":{"rendered":"https:\/\/marakes.com\/product\/collier-audacieux-de-perles-orange-et-vertes\/"},"modified":"2026-02-07T08:38:49","modified_gmt":"2026-02-07T08:38:49","slug":"collier-audacieux-de-perles-orange-et-vertes","status":"publish","type":"product","link":"https:\/\/marakes.com\/fr\/produit\/collier-audacieux-de-perles-orange-et-vertes\/","title":{"rendered":"Collier audacieux de perles orange et vertes"},"content":{"rendered":"<p>De grosses perles rondes aux teintes orange et vert vif sont compl\u00e9t\u00e9es par des \u00e9l\u00e9ments d&rsquo;espacement dor\u00e9s et une perle cylindrique d\u00e9corative pour une finition riche et captivante. Le collier ras-du-cou \u00e0 un seul rang se porte pr\u00e8s du cou pour une silhouette audacieuse et volumineuse, tandis que des d\u00e9tails artisanaux d&rsquo;inspiration ethnique lui conf\u00e8rent un aspect fait main. Assez polyvalent pour sublimer tout, du denim d\u00e9contract\u00e9 aux robes simples, et r\u00e9glable gr\u00e2ce \u00e0 une cha\u00eenette d&rsquo;extension pour une tenue plus courte ou plus longue. Parfait pour apporter du mouvement aux tenues neutres et r\u00e9chauffer vos looks de printemps et d&rsquo;\u00e9t\u00e9.<\/p>\n","protected":false},"excerpt":{"rendered":"<p>Un collier ras-du-cou saisissant compos\u00e9 de grosses perles orange et vertes qui dynamise instantan\u00e9ment les looks minimalistes.<\/p>\n","protected":false},"featured_media":9553,"template":"","meta":[],"product_brand":[],"product_cat":[21],"product_tag":[1013,579,5304,877,802,1263],"class_list":{"0":"post-9558","1":"product","2":"type-product","3":"status-publish","4":"has-post-thumbnail","6":"product_cat-necklaces","7":"product_tag-bijoux-ethniques","8":"product_tag-collier","9":"product_tag-collier-audacieux","10":"product_tag-collier-en-perles","11":"product_tag-collier-orange","12":"product_tag-style-boheme","14":"first","15":"instock","16":"shipping-taxable","17":"product-type-simple"},"_links":{"self":[{"href":"https:\/\/marakes.com\/fr\/wp-json\/wp\/v2\/product\/9558","targetHints":{"allow":["GET"]}}],"collection":[{"href":"https:\/\/marakes.com\/fr\/wp-json\/wp\/v2\/product"}],"about":[{"href":"https:\/\/marakes.com\/fr\/wp-json\/wp\/v2\/types\/product"}],"wp:featuredmedia":[{"embeddable":true,"href":"https:\/\/marakes.com\/fr\/wp-json\/wp\/v2\/media\/9553"}],"wp:attachment":[{"href":"https:\/\/marakes.com\/fr\/wp-json\/wp\/v2\/media?parent=9558"}],"wp:term":[{"taxonomy":"product_brand","embeddable":true,"href":"https:\/\/marakes.com\/fr\/wp-json\/wp\/v2\/product_brand?post=9558"},{"taxonomy":"product_cat","embeddable":true,"href":"https:\/\/marakes.com\/fr\/wp-json\/wp\/v2\/product_cat?post=9558"},{"taxonomy":"product_tag","embeddable":true,"href":"https:\/\/marakes.com\/fr\/wp-json\/wp\/v2\/product_tag?post=9558"}],"curies":[{"name":"wp","href":"https:\/\/api.w.org\/{rel}","templated":true}]}}